{"id":4273,"date":"2025-06-28T12:26:10","date_gmt":"2025-06-28T10:26:10","guid":{"rendered":"https:\/\/cyrilruoso.fr\/?page_id=4273"},"modified":"2025-11-26T11:59:28","modified_gmt":"2025-11-26T10:59:28","slug":"contact","status":"publish","type":"page","link":"https:\/\/cyrilruoso.fr\/en\/contact\/","title":{"rendered":"CONTACT"},"content":{"rendered":"<div data-colibri-id=\"4273-c1\" class=\"style-3044 style-local-4273-c1 position-relative\">\r\n  <!---->\r\n  <div data-colibri-component=\"section\" data-colibri-id=\"4273-c2\" id=\"contact\" class=\"h-section h-section-global-spacing d-flex align-items-lg-center align-items-md-center align-items-center style-3045 style-local-4273-c2 position-relative\">\r\n    <!---->\r\n    <!---->\r\n    <div class=\"h-section-grid-container h-section-boxed-container\">\r\n      <!---->\r\n      <div data-colibri-id=\"4273-c3\" class=\"h-row-container gutters-row-lg-0 gutters-row-md-0 gutters-row-0 gutters-row-v-lg-0 gutters-row-v-md-0 gutters-row-v-0 style-3046 style-local-4273-c3 position-relative\">\r\n        <!---->\r\n        <div class=\"h-row justify-content-lg-center justify-content-md-center justify-content-center align-items-lg-stretch align-items-md-stretch align-items-stretch gutters-col-lg-0 gutters-col-md-0 gutters-col-0 gutters-col-v-lg-0 gutters-col-v-md-0 gutters-col-v-0\">\r\n          <!---->\r\n          <div class=\"h-column h-column-container d-flex h-col-lg h-col-md-auto h-col-auto style-3047-outer style-local-4273-c4-outer\">\r\n            <div data-colibri-id=\"4273-c4\" class=\"d-flex h-flex-basis h-column__inner h-px-lg-0 h-px-md-0 h-px-0 v-inner-lg-0 v-inner-md-0 v-inner-0 style-3047 style-local-4273-c4 position-relative\">\r\n              <div class=\"background-wrapper\">\r\n                <div class=\"background-layer background-layer-media-container-lg\">\r\n                  <!---->\r\n                  <div class=\"overlay-layer\">\r\n                    <div class=\"overlay-image-layer\" style=\"background-image: linear-gradient(90deg, rgba(255, 255, 255, 0) 70%, rgb(246, 248, 250) 100%);\"><\/div>\r\n                  <\/div>\r\n                <\/div>\r\n                <div class=\"background-layer background-layer-media-container-md\">\r\n                  <!---->\r\n                  <div class=\"overlay-layer\">\r\n                    <div class=\"overlay-image-layer\" style=\"background-image: linear-gradient(90deg, rgba(255, 255, 255, 0) 70%, rgb(246, 248, 250) 100%);\"><\/div>\r\n                  <\/div>\r\n                <\/div>\r\n                <div class=\"background-layer background-layer-media-container\">\r\n                  <!---->\r\n                  <div class=\"overlay-layer\">\r\n                    <div class=\"overlay-image-layer\" style=\"background-image: linear-gradient(90deg, rgba(255, 255, 255, 0) 70%, rgb(246, 248, 250) 100%);\"><\/div>\r\n                  <\/div>\r\n                <\/div>\r\n              <\/div>\r\n              <!---->\r\n              <div class=\"w-100 h-y-container h-column__content h-column__v-align flex-basis-100 align-self-lg-center align-self-md-center align-self-center\">\r\n                <!---->\r\n                <div data-colibri-id=\"4273-c5\" class=\"d-block style-3051 style-local-4273-c5 position-relative h-element\">\r\n                  <!---->\r\n                  <div class=\"h-image__frame-container-outer\">\r\n                    <div class=\"h-image__frame-container\">\r\n                      <!---->\r\n                      <!---->\r\n                      <img loading=\"lazy\" decoding=\"async\" width=\"2000\" height=\"901\" src=\"https:\/\/cyrilruoso.fr\/wp-content\/uploads\/2025\/10\/20221218_174304-1.jpg\" class=\"wp-image-7785 style-3051-image style-local-4273-c5-image\" alt=\"\" srcset=\"https:\/\/cyrilruoso.fr\/wp-content\/uploads\/2025\/10\/20221218_174304-1.jpg 2000w, https:\/\/cyrilruoso.fr\/wp-content\/uploads\/2025\/10\/20221218_174304-1-300x135.jpg 300w, https:\/\/cyrilruoso.fr\/wp-content\/uploads\/2025\/10\/20221218_174304-1-1024x461.jpg 1024w, https:\/\/cyrilruoso.fr\/wp-content\/uploads\/2025\/10\/20221218_174304-1-768x346.jpg 768w, https:\/\/cyrilruoso.fr\/wp-content\/uploads\/2025\/10\/20221218_174304-1-1536x692.jpg 1536w, https:\/\/cyrilruoso.fr\/wp-content\/uploads\/2025\/10\/20221218_174304-1-18x8.jpg 18w, https:\/\/cyrilruoso.fr\/wp-content\/uploads\/2025\/10\/20221218_174304-1-500x225.jpg 500w, https:\/\/cyrilruoso.fr\/wp-content\/uploads\/2025\/10\/20221218_174304-1-800x360.jpg 800w, https:\/\/cyrilruoso.fr\/wp-content\/uploads\/2025\/10\/20221218_174304-1-1280x577.jpg 1280w, https:\/\/cyrilruoso.fr\/wp-content\/uploads\/2025\/10\/20221218_174304-1-1920x865.jpg 1920w\" sizes=\"auto, (max-width: 2000px) 100vw, 2000px\" \/>\r\n                      <div class=\"h-image__frame h-hide-lg h-hide-md h-hide-sm style-3051-frameImage style-local-4273-c5-frameImage\"><\/div>\r\n                    <\/div>\r\n                  <\/div>\r\n                <\/div>\r\n              <\/div>\r\n            <\/div>\r\n          <\/div>\r\n          <div class=\"h-column h-column-container d-flex h-col-lg-auto h-col-md-auto h-col-auto style-3048-outer style-local-4273-c6-outer\">\r\n            <div data-colibri-id=\"4273-c6\" class=\"d-flex h-flex-basis h-column__inner h-px-lg-3 h-px-md-3 h-px-3 v-inner-lg-3 v-inner-md-3 v-inner-3 style-3048 style-local-4273-c6 position-relative\">\r\n              <!---->\r\n              <!---->\r\n              <div class=\"w-100 h-y-container h-column__content h-column__v-align flex-basis-100 align-self-lg-end align-self-md-end align-self-end\">\r\n                <!---->\r\n                <div data-colibri-id=\"4273-c7\" class=\"h-global-transition-all h-heading style-3049 style-local-4273-c7 position-relative h-element\">\r\n                  <!---->\r\n                  <div class=\"h-heading__outer style-3049 style-local-4273-c7\">\r\n                    <!---->\r\n                    <!---->\r\n                    <h3 class=\"\">Contactez moi<\/h3>\r\n                  <\/div>\r\n                <\/div>\r\n                <div data-colibri-id=\"4273-c8\" class=\"h-contact-form__outer--forminator style-3050 style-local-4273-c8 position-relative h-element\">\r\n                  <!---->\r\n                  <div class=\"h-global-transition-all h-global-transition h-global-transition-all h-contact-form-shortcode\"><div class=\"forminator-ui forminator-custom-form forminator-custom-form-7786 forminator-design--default  forminator_ajax\" data-forminator-render=\"0\" data-form=\"forminator-module-7786\" data-uid=\"69d00188705df\"><br\/><\/div><form\n\t\t\t\tid=\"forminator-module-7786\"\n\t\t\t\tclass=\"forminator-ui forminator-custom-form forminator-custom-form-7786 forminator-design--default  forminator_ajax\"\n\t\t\t\tmethod=\"post\"\n\t\t\t\tdata-forminator-render=\"0\"\n\t\t\t\tdata-form-id=\"7786\"\n\t\t\t\t data-color-option=\"theme\" data-design=\"default\" data-grid=\"open\" style=\"display: none;\"\n\t\t\t\tdata-uid=\"69d00188705df\" action=\"\"\n\t\t\t><div role=\"alert\" aria-live=\"polite\" class=\"forminator-response-message forminator-error\" aria-hidden=\"true\"><\/div><div class=\"forminator-row\"><div id=\"name-1\" class=\"forminator-field-name forminator-col forminator-col-12\"><div class=\"forminator-field\"><label for=\"forminator-field-name-1_69d00188705df\" id=\"forminator-field-name-1_69d00188705df-label\" class=\"forminator-label\">Nom <span class=\"forminator-required\">*<\/span><\/label><input type=\"text\" name=\"name-1\" value=\"\" placeholder=\"\" id=\"forminator-field-name-1_69d00188705df\" class=\"forminator-input forminator-name--field\" aria-required=\"true\" autocomplete=\"name\" \/><\/div><\/div><\/div><div class=\"forminator-row\"><div id=\"email-1\" class=\"forminator-field-email forminator-col forminator-col-12\"><div class=\"forminator-field\"><label for=\"forminator-field-email-1_69d00188705df\" id=\"forminator-field-email-1_69d00188705df-label\" class=\"forminator-label\">Adresse de messagerie <span class=\"forminator-required\">*<\/span><\/label><input type=\"email\" name=\"email-1\" value=\"\" placeholder=\"\" id=\"forminator-field-email-1_69d00188705df\" class=\"forminator-input forminator-email--field\" data-required=\"true\" aria-required=\"true\" autocomplete=\"email\" \/><\/div><\/div><\/div><div class=\"forminator-row\"><div id=\"phone-1\" class=\"forminator-field-phone forminator-col forminator-col-12\"><div class=\"forminator-field\"><label for=\"forminator-field-phone-1_69d00188705df\" id=\"forminator-field-phone-1_69d00188705df-label\" class=\"forminator-label\">Num\u00e9ro de t\u00e9l\u00e9phone<\/label><input type=\"text\" name=\"phone-1\" value=\"\" placeholder=\"\" id=\"forminator-field-phone-1_69d00188705df\" class=\"forminator-input forminator-field--phone\" data-required=\"\" aria-required=\"false\" autocomplete=\"off\" \/><\/div><\/div><\/div><div class=\"forminator-row\"><div id=\"textarea-1\" class=\"forminator-field-textarea forminator-col forminator-col-12\"><div class=\"forminator-field\"><label for=\"forminator-field-textarea-1_69d00188705df\" id=\"forminator-field-textarea-1_69d00188705df-label\" class=\"forminator-label\">Message<\/label><span id=\"forminator-field-textarea-1_69d00188705df-description\" class=\"forminator-description\"><span data-limit=\"180\" data-type=\"characters\" data-editor=\"\">0 \/ 180<\/span><\/span><textarea name=\"textarea-1\" placeholder=\"\" id=\"forminator-field-textarea-1_69d00188705df\" class=\"forminator-textarea\" rows=\"6\" style=\"min-height:140px;\" maxlength=\"180\" ><\/textarea><\/div><\/div><\/div><input type=\"hidden\" name=\"referer_url\" value=\"\" \/><div class=\"forminator-row forminator-row-last\"><div class=\"forminator-col\"><div class=\"forminator-field\"><button class=\"forminator-button forminator-button-submit\">Envoyer<\/button><\/div><\/div><\/div><input type=\"hidden\" id=\"forminator_nonce\" name=\"forminator_nonce\" value=\"921c398201\" \/><input type=\"hidden\" name=\"_wp_http_referer\" value=\"\/en\/wp-json\/wp\/v2\/pages\/4273\" \/><input type=\"hidden\" name=\"form_id\" value=\"7786\"><input type=\"hidden\" name=\"page_id\" value=\"4273\"><input type=\"hidden\" name=\"form_type\" value=\"default\"><input type=\"hidden\" name=\"current_url\" value=\"https:\/\/cyrilruoso.fr\/en\/contact\/\"><input type=\"hidden\" name=\"render_id\" value=\"0\"><input type=\"hidden\" name=\"action\" value=\"forminator_submit_form_custom-forms\"><input type=\"hidden\" name=\"trp-form-language\" value=\"en\"\/><\/form><\/div>\r\n                <\/div>\r\n              <\/div>\r\n            <\/div>\r\n          <\/div>\r\n        <\/div>\r\n      <\/div>\r\n    <\/div>\r\n  <\/div>\r\n<\/div>","protected":false},"excerpt":{"rendered":"<p>Contactez moi [&hellip;]<\/p>","protected":false},"author":1,"featured_media":0,"parent":0,"menu_order":0,"comment_status":"closed","ping_status":"closed","template":"page-templates\/full-width-page.php","meta":{"_vp_format_video_url":"","_vp_image_focal_point":[],"footnotes":""},"class_list":["post-4273","page","type-page","status-publish","hentry"],"yoast_head":"<!-- This site is optimized with the Yoast SEO plugin v26.1.1 - https:\/\/yoast.com\/wordpress\/plugins\/seo\/ -->\n<title>CONTACT - Cyril Ruoso<\/title>\n<meta name=\"description\" content=\"contact coordonn\u00e9es cyril ruoso\" \/>\n<meta name=\"robots\" content=\"index, follow, max-snippet:-1, max-image-preview:large, max-video-preview:-1\" \/>\n<link rel=\"canonical\" href=\"https:\/\/cyrilruoso.fr\/en\/contact\/\" \/>\n<meta property=\"og:locale\" content=\"en_GB\" \/>\n<meta property=\"og:type\" content=\"article\" \/>\n<meta property=\"og:title\" content=\"CONTACT - Cyril Ruoso\" \/>\n<meta property=\"og:description\" content=\"contact coordonn\u00e9es cyril ruoso\" \/>\n<meta property=\"og:url\" content=\"https:\/\/cyrilruoso.fr\/en\/contact\/\" \/>\n<meta property=\"og:site_name\" content=\"Cyril Ruoso\" \/>\n<meta property=\"article:modified_time\" content=\"2025-11-26T10:59:28+00:00\" \/>\n<meta property=\"og:image\" content=\"https:\/\/cyrilruoso.fr\/wp-content\/uploads\/2025\/10\/20221218_174304-1.jpg\" \/>\n\t<meta property=\"og:image:width\" content=\"2000\" \/>\n\t<meta property=\"og:image:height\" content=\"901\" \/>\n\t<meta property=\"og:image:type\" content=\"image\/jpeg\" \/>\n<meta name=\"twitter:card\" content=\"summary_large_image\" \/>\n<meta name=\"twitter:label1\" content=\"Estimated reading time\" \/>\n\t<meta name=\"twitter:data1\" content=\"1 minute\" \/>\n<script type=\"application\/ld+json\" class=\"yoast-schema-graph\">{\"@context\":\"https:\/\/schema.org\",\"@graph\":[{\"@type\":[\"WebPage\",\"ContactPage\"],\"@id\":\"https:\/\/cyrilruoso.fr\/contact\/\",\"url\":\"https:\/\/cyrilruoso.fr\/contact\/\",\"name\":\"CONTACT - Cyril Ruoso\",\"isPartOf\":{\"@id\":\"https:\/\/cyrilruoso.fr\/#website\"},\"primaryImageOfPage\":{\"@id\":\"https:\/\/cyrilruoso.fr\/contact\/#primaryimage\"},\"image\":{\"@id\":\"https:\/\/cyrilruoso.fr\/contact\/#primaryimage\"},\"thumbnailUrl\":\"https:\/\/cyrilruoso.fr\/wp-content\/uploads\/2025\/10\/20221218_174304-1.jpg\",\"datePublished\":\"2025-06-28T10:26:10+00:00\",\"dateModified\":\"2025-11-26T10:59:28+00:00\",\"description\":\"contact coordonn\u00e9es cyril ruoso\",\"breadcrumb\":{\"@id\":\"https:\/\/cyrilruoso.fr\/contact\/#breadcrumb\"},\"inLanguage\":\"en-GB\",\"potentialAction\":[{\"@type\":\"ReadAction\",\"target\":[\"https:\/\/cyrilruoso.fr\/contact\/\"]}]},{\"@type\":\"ImageObject\",\"inLanguage\":\"en-GB\",\"@id\":\"https:\/\/cyrilruoso.fr\/contact\/#primaryimage\",\"url\":\"https:\/\/cyrilruoso.fr\/wp-content\/uploads\/2025\/10\/20221218_174304-1.jpg\",\"contentUrl\":\"https:\/\/cyrilruoso.fr\/wp-content\/uploads\/2025\/10\/20221218_174304-1.jpg\"},{\"@type\":\"BreadcrumbList\",\"@id\":\"https:\/\/cyrilruoso.fr\/contact\/#breadcrumb\",\"itemListElement\":[{\"@type\":\"ListItem\",\"position\":1,\"name\":\"Accueil\",\"item\":\"https:\/\/cyrilruoso.fr\/\"},{\"@type\":\"ListItem\",\"position\":2,\"name\":\"CONTACT\"}]},{\"@type\":\"WebSite\",\"@id\":\"https:\/\/cyrilruoso.fr\/#website\",\"url\":\"https:\/\/cyrilruoso.fr\/\",\"name\":\"Cyril Ruoso\",\"description\":\"\",\"publisher\":{\"@id\":\"https:\/\/cyrilruoso.fr\/#\/schema\/person\/0a7fd19a2c7886ca9ae673f167c99a4b\"},\"alternateName\":\"CYRILRUOSO\",\"potentialAction\":[{\"@type\":\"SearchAction\",\"target\":{\"@type\":\"EntryPoint\",\"urlTemplate\":\"https:\/\/cyrilruoso.fr\/?s={search_term_string}\"},\"query-input\":{\"@type\":\"PropertyValueSpecification\",\"valueRequired\":true,\"valueName\":\"search_term_string\"}}],\"inLanguage\":\"en-GB\"},{\"@type\":[\"Person\",\"Organization\"],\"@id\":\"https:\/\/cyrilruoso.fr\/#\/schema\/person\/0a7fd19a2c7886ca9ae673f167c99a4b\",\"name\":\"Cyril Ruoso\",\"image\":{\"@type\":\"ImageObject\",\"inLanguage\":\"en-GB\",\"@id\":\"https:\/\/cyrilruoso.fr\/#\/schema\/person\/image\/\",\"url\":\"https:\/\/cyrilruoso.fr\/wp-content\/uploads\/2025\/07\/1512_R4A1247-2.jpg\",\"contentUrl\":\"https:\/\/cyrilruoso.fr\/wp-content\/uploads\/2025\/07\/1512_R4A1247-2.jpg\",\"width\":1500,\"height\":1000,\"caption\":\"Cyril Ruoso\"},\"logo\":{\"@id\":\"https:\/\/cyrilruoso.fr\/#\/schema\/person\/image\/\"},\"sameAs\":[\"https:\/\/cyrilruoso.fr\",\"https:\/\/www.instagram.com\/cyril.ruoso.photographer\/\"]}]}<\/script>\n<!-- \/ Yoast SEO plugin. -->","yoast_head_json":{"title":"CONTACT - Cyril Ruoso","description":"contact coordonn\u00e9es cyril ruoso","robots":{"index":"index","follow":"follow","max-snippet":"max-snippet:-1","max-image-preview":"max-image-preview:large","max-video-preview":"max-video-preview:-1"},"canonical":"https:\/\/cyrilruoso.fr\/en\/contact\/","og_locale":"en_GB","og_type":"article","og_title":"CONTACT - Cyril Ruoso","og_description":"contact coordonn\u00e9es cyril ruoso","og_url":"https:\/\/cyrilruoso.fr\/en\/contact\/","og_site_name":"Cyril Ruoso","article_modified_time":"2025-11-26T10:59:28+00:00","og_image":[{"width":2000,"height":901,"url":"https:\/\/cyrilruoso.fr\/wp-content\/uploads\/2025\/10\/20221218_174304-1.jpg","type":"image\/jpeg"}],"twitter_card":"summary_large_image","twitter_misc":{"Estimated reading time":"1 minute"},"schema":{"@context":"https:\/\/schema.org","@graph":[{"@type":["WebPage","ContactPage"],"@id":"https:\/\/cyrilruoso.fr\/contact\/","url":"https:\/\/cyrilruoso.fr\/contact\/","name":"CONTACT - Cyril Ruoso","isPartOf":{"@id":"https:\/\/cyrilruoso.fr\/#website"},"primaryImageOfPage":{"@id":"https:\/\/cyrilruoso.fr\/contact\/#primaryimage"},"image":{"@id":"https:\/\/cyrilruoso.fr\/contact\/#primaryimage"},"thumbnailUrl":"https:\/\/cyrilruoso.fr\/wp-content\/uploads\/2025\/10\/20221218_174304-1.jpg","datePublished":"2025-06-28T10:26:10+00:00","dateModified":"2025-11-26T10:59:28+00:00","description":"contact coordonn\u00e9es cyril ruoso","breadcrumb":{"@id":"https:\/\/cyrilruoso.fr\/contact\/#breadcrumb"},"inLanguage":"en-GB","potentialAction":[{"@type":"ReadAction","target":["https:\/\/cyrilruoso.fr\/contact\/"]}]},{"@type":"ImageObject","inLanguage":"en-GB","@id":"https:\/\/cyrilruoso.fr\/contact\/#primaryimage","url":"https:\/\/cyrilruoso.fr\/wp-content\/uploads\/2025\/10\/20221218_174304-1.jpg","contentUrl":"https:\/\/cyrilruoso.fr\/wp-content\/uploads\/2025\/10\/20221218_174304-1.jpg"},{"@type":"BreadcrumbList","@id":"https:\/\/cyrilruoso.fr\/contact\/#breadcrumb","itemListElement":[{"@type":"ListItem","position":1,"name":"Accueil","item":"https:\/\/cyrilruoso.fr\/"},{"@type":"ListItem","position":2,"name":"CONTACT"}]},{"@type":"WebSite","@id":"https:\/\/cyrilruoso.fr\/#website","url":"https:\/\/cyrilruoso.fr\/","name":"Cyril Ruoso","description":"","publisher":{"@id":"https:\/\/cyrilruoso.fr\/#\/schema\/person\/0a7fd19a2c7886ca9ae673f167c99a4b"},"alternateName":"CYRILRUOSO","potentialAction":[{"@type":"SearchAction","target":{"@type":"EntryPoint","urlTemplate":"https:\/\/cyrilruoso.fr\/?s={search_term_string}"},"query-input":{"@type":"PropertyValueSpecification","valueRequired":true,"valueName":"search_term_string"}}],"inLanguage":"en-GB"},{"@type":["Person","Organization"],"@id":"https:\/\/cyrilruoso.fr\/#\/schema\/person\/0a7fd19a2c7886ca9ae673f167c99a4b","name":"Cyril Ruoso","image":{"@type":"ImageObject","inLanguage":"en-GB","@id":"https:\/\/cyrilruoso.fr\/#\/schema\/person\/image\/","url":"https:\/\/cyrilruoso.fr\/wp-content\/uploads\/2025\/07\/1512_R4A1247-2.jpg","contentUrl":"https:\/\/cyrilruoso.fr\/wp-content\/uploads\/2025\/07\/1512_R4A1247-2.jpg","width":1500,"height":1000,"caption":"Cyril Ruoso"},"logo":{"@id":"https:\/\/cyrilruoso.fr\/#\/schema\/person\/image\/"},"sameAs":["https:\/\/cyrilruoso.fr","https:\/\/www.instagram.com\/cyril.ruoso.photographer\/"]}]}},"_links":{"self":[{"href":"https:\/\/cyrilruoso.fr\/en\/wp-json\/wp\/v2\/pages\/4273","targetHints":{"allow":["GET"]}}],"collection":[{"href":"https:\/\/cyrilruoso.fr\/en\/wp-json\/wp\/v2\/pages"}],"about":[{"href":"https:\/\/cyrilruoso.fr\/en\/wp-json\/wp\/v2\/types\/page"}],"author":[{"embeddable":true,"href":"https:\/\/cyrilruoso.fr\/en\/wp-json\/wp\/v2\/users\/1"}],"replies":[{"embeddable":true,"href":"https:\/\/cyrilruoso.fr\/en\/wp-json\/wp\/v2\/comments?post=4273"}],"version-history":[{"count":3,"href":"https:\/\/cyrilruoso.fr\/en\/wp-json\/wp\/v2\/pages\/4273\/revisions"}],"predecessor-version":[{"id":8825,"href":"https:\/\/cyrilruoso.fr\/en\/wp-json\/wp\/v2\/pages\/4273\/revisions\/8825"}],"wp:attachment":[{"href":"https:\/\/cyrilruoso.fr\/en\/wp-json\/wp\/v2\/media?parent=4273"}],"curies":[{"name":"wp","href":"https:\/\/api.w.org\/{rel}","templated":true}]}}